{"id":203,"date":"2026-01-22T07:54:25","date_gmt":"2026-01-22T07:54:25","guid":{"rendered":"https:\/\/www.plexi-king.com\/?page_id=203"},"modified":"2026-01-22T11:00:27","modified_gmt":"2026-01-22T11:00:27","slug":"co-robimy","status":"publish","type":"page","link":"https:\/\/www.plexi-king.com\/index.php\/co-robimy\/","title":{"rendered":"Co robimy"},"content":{"rendered":"\t\t<div data-elementor-type=\"wp-page\" data-elementor-id=\"203\" class=\"elementor elementor-203\">\n\t\t\t\t<div class=\"elementor-element elementor-element-2095303 e-flex e-con-boxed e-con e-parent\" data-id=\"2095303\" data-element_type=\"container\">\n\t\t\t\t\t<div class=\"e-con-inner\">\n\t\t<div class=\"elementor-element elementor-element-16b5ac2 e-con-full e-flex e-con e-child\" data-id=\"16b5ac2\" data-element_type=\"container\">\n\t\t\t\t<div class=\"elementor-element elementor-element-085cde5 elementor-widget elementor-widget-image\" data-id=\"085cde5\" data-element_type=\"widget\" data-widget_type=\"image.default\">\n\t\t\t\t\t\t\t\t\t\t\t\t\t\t\t<img fetchpriority=\"high\" decoding=\"async\" width=\"800\" height=\"800\" src=\"https:\/\/www.plexi-king.com\/wp-content\/uploads\/2026\/01\/Projekt-bez-nazwy21.webp\" class=\"attachment-large size-large wp-image-276\" alt=\"\" srcset=\"https:\/\/www.plexi-king.com\/wp-content\/uploads\/2026\/01\/Projekt-bez-nazwy21.webp 800w, https:\/\/www.plexi-king.com\/wp-content\/uploads\/2026\/01\/Projekt-bez-nazwy21-300x300.webp 300w, https:\/\/www.plexi-king.com\/wp-content\/uploads\/2026\/01\/Projekt-bez-nazwy21-150x150.webp 150w, https:\/\/www.plexi-king.com\/wp-content\/uploads\/2026\/01\/Projekt-bez-nazwy21-768x768.webp 768w\" sizes=\"(max-width: 800px) 100vw, 800px\" \/>\t\t\t\t\t\t\t\t\t\t\t\t\t\t\t<\/div>\n\t\t\t\t<\/div>\n\t\t<div class=\"elementor-element elementor-element-0bd9125 e-con-full e-flex e-con e-child\" data-id=\"0bd9125\" data-element_type=\"container\">\n\t\t\t\t<div class=\"elementor-element elementor-element-d67fc2f elementor-widget elementor-widget-text-editor\" data-id=\"d67fc2f\" data-element_type=\"widget\" data-widget_type=\"text-editor.default\">\n\t\t\t\t\t\t\t\t\t<h2 data-start=\"276\" data-end=\"288\">Co robimy<\/h2>\n<p data-start=\"290\" data-end=\"544\">Projektujemy <strong data-start=\"303\" data-end=\"318\">stojaki POS<\/strong>, kt\u00f3re nie tylko dobrze wygl\u0105daj\u0105, ale przede wszystkim <strong data-start=\"375\" data-end=\"409\">da si\u0119 je realnie wyprodukowa\u0107<\/strong>. Specjalizujemy si\u0119 w projektach z <strong data-start=\"445\" data-end=\"460\">plexi i MDF<\/strong>, przygotowywanych od pierwszej koncepcji a\u017c po wdro\u017cenia w <strong data-start=\"520\" data-end=\"543\">sieciach handlowych<\/strong>.<br \/><br \/>Pracujemy zar\u00f3wno nad <strong data-start=\"568\" data-end=\"592\">szybkimi prototypami<\/strong>, jak i nad rozwi\u0105zaniami skalowanymi pod wi\u0119ksze serie. Dzi\u0119ki temu nasi klienci \u2014 agencje reklamowe i dzia\u0142y marketingu \u2014 mog\u0105 sprawnie przej\u015b\u0107 od pomys\u0142u do gotowego stojaka w sklepie.<\/p>\t\t\t\t\t\t\t\t<\/div>\n\t\t\t\t<\/div>\n\t\t\t\t\t<\/div>\n\t\t\t\t<\/div>\n\t\t<div class=\"elementor-element elementor-element-ae56bd5 e-flex e-con-boxed e-con e-parent\" data-id=\"ae56bd5\" data-element_type=\"container\">\n\t\t\t\t\t<div class=\"e-con-inner\">\n\t\t\t\t<div class=\"elementor-element elementor-element-5d8c853 elementor-widget elementor-widget-text-editor\" data-id=\"5d8c853\" data-element_type=\"widget\" data-widget_type=\"text-editor.default\">\n\t\t\t\t\t\t\t\t\t<hr data-start=\"781\" data-end=\"784\" \/>\n<h3 data-start=\"786\" data-end=\"837\">Projekt + dokumentacja, kt\u00f3ra daje niezale\u017cno\u015b\u0107<\/h3>\n<p data-start=\"839\" data-end=\"1043\">Jednym z najwi\u0119kszych problem\u00f3w w projektach POS jest <strong data-start=\"893\" data-end=\"933\">brak pe\u0142nej dokumentacji technicznej<\/strong>. Cz\u0119sto przygotowuje j\u0105 jeden producent i nie udost\u0119pnia dalej, co <strong data-start=\"1001\" data-end=\"1042\">uzale\u017cnia projekt od jednego dostawcy<\/strong>.<\/p>\n<p data-start=\"1045\" data-end=\"1065\">My dzia\u0142amy inaczej.<\/p>\n<p data-start=\"1067\" data-end=\"1139\">Ka\u017cdy projekt uzupe\u0142niamy o <strong data-start=\"1095\" data-end=\"1131\">czyteln\u0105 dokumentacj\u0119 techniczn\u0105<\/strong>, kt\u00f3ra:<\/p>\n<ul data-start=\"1140\" data-end=\"1282\">\n<li data-start=\"1140\" data-end=\"1192\">\n<p data-start=\"1142\" data-end=\"1192\">pozwala zleci\u0107 produkcj\u0119 <strong data-start=\"1167\" data-end=\"1190\">dowolnemu wykonawcy<\/strong><\/p>\n<\/li>\n<li data-start=\"1193\" data-end=\"1228\">\n<p data-start=\"1195\" data-end=\"1228\"><strong data-start=\"1195\" data-end=\"1226\">przyspiesza uzyskanie wycen<\/strong><\/p>\n<\/li>\n<li data-start=\"1229\" data-end=\"1255\">\n<p data-start=\"1231\" data-end=\"1255\">skraca czas realizacji<\/p>\n<\/li>\n<li data-start=\"1256\" data-end=\"1282\">\n<p data-start=\"1258\" data-end=\"1282\">u\u0142atwia kontrol\u0119 koszt\u00f3w<\/p>\n<\/li>\n<\/ul>\n<p data-start=\"1284\" data-end=\"1360\">Masz pe\u0142n\u0105 kontrol\u0119 nad projektem \u2014 bez zamykania si\u0119 na jednego producenta.<\/p>\n<hr data-start=\"1362\" data-end=\"1365\" \/>\n<h3 data-start=\"1367\" data-end=\"1411\">My\u015blenie produkcyjne od pierwszej kreski<\/h3>\n<p data-start=\"1413\" data-end=\"1490\">Projektujemy z my\u015bl\u0105 o produkcji. Ju\u017c na etapie koncepcji bierzemy pod uwag\u0119:<\/p>\n<ul data-start=\"1491\" data-end=\"1567\">\n<li data-start=\"1491\" data-end=\"1516\">\n<p data-start=\"1493\" data-end=\"1516\">technologi\u0119 wykonania<\/p>\n<\/li>\n<li data-start=\"1517\" data-end=\"1530\">\n<p data-start=\"1519\" data-end=\"1530\">materia\u0142y<\/p>\n<\/li>\n<li data-start=\"1531\" data-end=\"1541\">\n<p data-start=\"1533\" data-end=\"1541\">monta\u017c<\/p>\n<\/li>\n<li data-start=\"1542\" data-end=\"1567\">\n<p data-start=\"1544\" data-end=\"1567\">optymalizacj\u0119 koszt\u00f3w<\/p>\n<\/li>\n<\/ul>\n<p data-start=\"1569\" data-end=\"1651\">Dzi\u0119ki temu projekty s\u0105 <strong data-start=\"1593\" data-end=\"1616\">proste do wdro\u017cenia<\/strong>, a nie tylko atrakcyjne wizualnie.<\/p>\n<p data-start=\"1653\" data-end=\"1820\">W wielu przypadkach jeste\u015bmy w stanie przygotowa\u0107 <strong data-start=\"1703\" data-end=\"1750\">wst\u0119pny projekt nawet w ci\u0105gu oko\u0142o godziny<\/strong>, co znacz\u0105co przyspiesza ca\u0142y proces decyzyjny po stronie marketingu.<\/p>\n<hr data-start=\"1822\" data-end=\"1825\" \/>\n<h3 data-start=\"1827\" data-end=\"1849\">Dla kogo pracujemy<\/h3>\n<p data-start=\"1851\" data-end=\"1868\">Wsp\u00f3\u0142pracujemy z:<\/p>\n<ul data-start=\"1869\" data-end=\"1992\">\n<li data-start=\"1869\" data-end=\"1898\">\n<p data-start=\"1871\" data-end=\"1898\"><strong data-start=\"1871\" data-end=\"1896\">agencjami reklamowymi<\/strong><\/p>\n<\/li>\n<li data-start=\"1899\" data-end=\"1935\">\n<p data-start=\"1901\" data-end=\"1935\"><strong data-start=\"1901\" data-end=\"1933\">dzia\u0142ami marketingu firm B2B<\/strong><\/p>\n<\/li>\n<li data-start=\"1936\" data-end=\"1992\">\n<p data-start=\"1938\" data-end=\"1992\">markami wdra\u017caj\u0105cymi ekspozycje w punktach sprzeda\u017cy<\/p>\n<\/li>\n<\/ul>\n<p data-start=\"1994\" data-end=\"2149\">Je\u015bli potrzebujesz projektu stojaka POS, kt\u00f3ry <strong data-start=\"2041\" data-end=\"2122\">nie blokuje produkcji, nie winduje koszt\u00f3w i daje Ci swobod\u0119 wyboru wykonawcy<\/strong> \u2014 jeste\u015b w dobrym miejscu.<\/p>\t\t\t\t\t\t\t\t<\/div>\n\t\t\t\t\t<\/div>\n\t\t\t\t<\/div>\n\t\t\t\t<\/div>\n\t\t","protected":false},"excerpt":{"rendered":"<p>Co robimy Projektujemy stojaki POS, kt\u00f3re nie tylko dobrze wygl\u0105daj\u0105, ale przede wszystkim da si\u0119 je realnie wyprodukowa\u0107. Specjalizujemy si\u0119 [&hellip;]<\/p>\n","protected":false},"author":1,"featured_media":0,"parent":0,"menu_order":0,"comment_status":"closed","ping_status":"closed","template":"","meta":{"site-sidebar-layout":"no-sidebar","site-content-layout":"","ast-site-content-layout":"full-width-container","site-content-style":"default","site-sidebar-style":"default","ast-global-header-display":"","ast-banner-title-visibility":"","ast-main-header-display":"","ast-hfb-above-header-display":"","ast-hfb-below-header-display":"","ast-hfb-mobile-header-display":"","site-post-title":"","ast-breadcrumbs-content":"","ast-featured-img":"disabled","footer-sml-layout":"","ast-disable-related-posts":"","theme-transparent-header-meta":"","adv-header-id-meta":"","stick-header-meta":"","header-above-stick-meta":"","header-main-stick-meta":"","header-below-stick-meta":"","astra-migrate-meta-layouts":"default","ast-page-background-enabled":"default","ast-page-background-meta":{"desktop":{"background-color":"var(--ast-global-color-5)","background-image":"","background-repeat":"repeat","background-position":"center center","background-size":"auto","background-attachment":"scroll","background-type":"","background-media":"","overlay-type":"","overlay-color":"","overlay-opacity":"","overlay-gradient":""},"tablet":{"background-color":"","background-image":"","background-repeat":"repeat","background-position":"center center","background-size":"auto","background-attachment":"scroll","background-type":"","background-media":"","overlay-type":"","overlay-color":"","overlay-opacity":"","overlay-gradient":""},"mobile":{"background-color":"","background-image":"","background-repeat":"repeat","background-position":"center center","background-size":"auto","background-attachment":"scroll","background-type":"","background-media":"","overlay-type":"","overlay-color":"","overlay-opacity":"","overlay-gradient":""}},"ast-content-background-meta":{"desktop":{"background-color":"var(--ast-global-color-4)","background-image":"","background-repeat":"repeat","background-position":"center center","background-size":"auto","background-attachment":"scroll","background-type":"","background-media":"","overlay-type":"","overlay-color":"","overlay-opacity":"","overlay-gradient":""},"tablet":{"background-color":"var(--ast-global-color-4)","background-image":"","background-repeat":"repeat","background-position":"center center","background-size":"auto","background-attachment":"scroll","background-type":"","background-media":"","overlay-type":"","overlay-color":"","overlay-opacity":"","overlay-gradient":""},"mobile":{"background-color":"var(--ast-global-color-4)","background-image":"","background-repeat":"repeat","background-position":"center center","background-size":"auto","background-attachment":"scroll","background-type":"","background-media":"","overlay-type":"","overlay-color":"","overlay-opacity":"","overlay-gradient":""}},"footnotes":""},"class_list":["post-203","page","type-page","status-publish","hentry"],"_links":{"self":[{"href":"https:\/\/www.plexi-king.com\/index.php\/wp-json\/wp\/v2\/pages\/203","targetHints":{"allow":["GET"]}}],"collection":[{"href":"https:\/\/www.plexi-king.com\/index.php\/wp-json\/wp\/v2\/pages"}],"about":[{"href":"https:\/\/www.plexi-king.com\/index.php\/wp-json\/wp\/v2\/types\/page"}],"author":[{"embeddable":true,"href":"https:\/\/www.plexi-king.com\/index.php\/wp-json\/wp\/v2\/users\/1"}],"replies":[{"embeddable":true,"href":"https:\/\/www.plexi-king.com\/index.php\/wp-json\/wp\/v2\/comments?post=203"}],"version-history":[{"count":9,"href":"https:\/\/www.plexi-king.com\/index.php\/wp-json\/wp\/v2\/pages\/203\/revisions"}],"predecessor-version":[{"id":279,"href":"https:\/\/www.plexi-king.com\/index.php\/wp-json\/wp\/v2\/pages\/203\/revisions\/279"}],"wp:attachment":[{"href":"https:\/\/www.plexi-king.com\/index.php\/wp-json\/wp\/v2\/media?parent=203"}],"curies":[{"name":"wp","href":"https:\/\/api.w.org\/{rel}","templated":true}]}}