{"id":257,"date":"2026-01-22T10:06:21","date_gmt":"2026-01-22T10:06:21","guid":{"rendered":"https:\/\/www.plexi-king.com\/?page_id=257"},"modified":"2026-01-22T14:05:19","modified_gmt":"2026-01-22T14:05:19","slug":"co-otrzymujesz","status":"publish","type":"page","link":"https:\/\/www.plexi-king.com\/index.php\/co-otrzymujesz\/","title":{"rendered":"Co otrzymujesz"},"content":{"rendered":"\t\t<div data-elementor-type=\"wp-page\" data-elementor-id=\"257\" class=\"elementor elementor-257\">\n\t\t\t\t<div class=\"elementor-element elementor-element-b8dca24 e-flex e-con-boxed e-con e-parent\" data-id=\"b8dca24\" data-element_type=\"container\">\n\t\t\t\t\t<div class=\"e-con-inner\">\n\t\t\t\t<div class=\"elementor-element elementor-element-7555d8a elementor-widget elementor-widget-heading\" data-id=\"7555d8a\" data-element_type=\"widget\" data-widget_type=\"heading.default\">\n\t\t\t\t\t<h2 class=\"elementor-heading-title elementor-size-default\">Co otrzymujesz?<\/h2>\t\t\t\t<\/div>\n\t\t\t\t\t<\/div>\n\t\t\t\t<\/div>\n\t\t<div class=\"elementor-element elementor-element-3af1287 e-flex e-con-boxed e-con e-parent\" data-id=\"3af1287\" data-element_type=\"container\">\n\t\t\t\t\t<div class=\"e-con-inner\">\n\t\t\t\t<div class=\"elementor-element elementor-element-311184b elementor-widget elementor-widget-text-editor\" data-id=\"311184b\" data-element_type=\"widget\" data-widget_type=\"text-editor.default\">\n\t\t\t\t\t\t\t\t\t<p>Ka\u017cdy projekt stojaka POS to nie tylko koncepcja wizualna, ale <strong data-start=\"311\" data-end=\"342\">kompletny pakiet materia\u0142\u00f3w<\/strong>, kt\u00f3ry umo\u017cliwia szybk\u0105 wycen\u0119, sprawn\u0105 produkcj\u0119 i pe\u0142n\u0105 kontrol\u0119 nad realizacj\u0105.<\/p>\t\t\t\t\t\t\t\t<\/div>\n\t\t\t\t\t<\/div>\n\t\t\t\t<\/div>\n\t\t<div class=\"elementor-element elementor-element-79cef19 e-flex e-con-boxed e-con e-parent\" data-id=\"79cef19\" data-element_type=\"container\" data-settings=\"{&quot;background_background&quot;:&quot;classic&quot;}\">\n\t\t\t\t\t<div class=\"e-con-inner\">\n\t\t<div class=\"elementor-element elementor-element-b73329a e-con-full e-flex e-con e-child\" data-id=\"b73329a\" data-element_type=\"container\">\n\t\t\t\t<div class=\"elementor-element elementor-element-b010b7c elementor-widget elementor-widget-heading\" data-id=\"b010b7c\" data-element_type=\"widget\" data-widget_type=\"heading.default\">\n\t\t\t\t\t<h2 class=\"elementor-heading-title elementor-size-default\">Wizualizacje 3D<\/h2>\t\t\t\t<\/div>\n\t\t\t\t<div class=\"elementor-element elementor-element-abbc02b elementor-widget elementor-widget-text-editor\" data-id=\"abbc02b\" data-element_type=\"widget\" data-widget_type=\"text-editor.default\">\n\t\t\t\t\t\t\t\t\t<p data-start=\"447\" data-end=\"578\">Otrzymujesz realistyczne <strong data-start=\"472\" data-end=\"491\">wizualizacje 3D<\/strong>, kt\u00f3re pokazuj\u0105 finalny wygl\u0105d stojaka, jego proporcje i funkcjonalno\u015b\u0107.<br data-start=\"564\" data-end=\"567\" \/>Dzi\u0119ki nim:<\/p><ul data-start=\"579\" data-end=\"730\"><li data-start=\"579\" data-end=\"650\"><p data-start=\"581\" data-end=\"650\">\u0142atwo przedstawisz projekt wewn\u0105trz zespo\u0142u lub klientowi ko\u0144cowemu<\/p><\/li><li data-start=\"651\" data-end=\"682\"><p data-start=\"653\" data-end=\"682\">szybciej podejmiesz decyzj\u0119<\/p><\/li><li data-start=\"683\" data-end=\"730\"><p data-start=\"685\" data-end=\"730\">unikniesz nieporozumie\u0144 na etapie produkcji<\/p><\/li><\/ul>\t\t\t\t\t\t\t\t<\/div>\n\t\t\t\t<\/div>\n\t\t<div class=\"elementor-element elementor-element-ef807b0 e-con-full e-flex e-con e-child\" data-id=\"ef807b0\" data-element_type=\"container\">\n\t\t\t\t<div class=\"elementor-element elementor-element-a0c2963 elementor-widget elementor-widget-html\" data-id=\"a0c2963\" data-element_type=\"widget\" data-widget_type=\"html.default\">\n\t\t\t\t\t<video \n    id=\"video2x\"\n    src=\"https:\/\/www.plexi-king.com\/wp-content\/uploads\/2026\/01\/szafa_glam_2025_2026-Jan-22_12-45-24PM-000_CustomizedView19400658320_mp4.mp4\"\n    autoplay\n    muted\n    loop\n    playsinline\n    preload=\"metadata\"\n    style=\"width:100%; height:auto;\">\n<\/video>\n\n<script>\n  const video = document.getElementById('video2x');\n  video.addEventListener('loadedmetadata', () => {\n    video.playbackRate = 4;\n  });\n<\/script>\t\t\t\t<\/div>\n\t\t\t\t<\/div>\n\t\t\t\t\t<\/div>\n\t\t\t\t<\/div>\n\t\t<div class=\"elementor-element elementor-element-6bc4a95 e-flex e-con-boxed e-con e-parent\" data-id=\"6bc4a95\" data-element_type=\"container\">\n\t\t\t\t\t<div class=\"e-con-inner\">\n\t\t<div class=\"elementor-element elementor-element-4ba219d e-con-full e-flex e-con e-child\" data-id=\"4ba219d\" data-element_type=\"container\">\n\t\t\t\t<div class=\"elementor-element elementor-element-ad09d65 elementor-widget elementor-widget-heading\" data-id=\"ad09d65\" data-element_type=\"widget\" data-widget_type=\"heading.default\">\n\t\t\t\t\t<h2 class=\"elementor-heading-title elementor-size-default\">Rysunki wykonawcze\n(PDF i DXF)<\/h2>\t\t\t\t<\/div>\n\t\t\t\t<div class=\"elementor-element elementor-element-4d7aaf8 elementor-widget elementor-widget-text-editor\" data-id=\"4d7aaf8\" data-element_type=\"widget\" data-widget_type=\"text-editor.default\">\n\t\t\t\t\t\t\t\t\t<p data-start=\"772\" data-end=\"847\">Ka\u017cdy projekt uzupe\u0142niamy o <strong data-start=\"800\" data-end=\"834\">szczeg\u00f3\u0142owe rysunki wykonawcze<\/strong> w formatach:<\/p><ul data-start=\"848\" data-end=\"974\"><li data-start=\"848\" data-end=\"906\"><p data-start=\"850\" data-end=\"906\"><strong data-start=\"850\" data-end=\"857\">PDF<\/strong> \u2013 czytelne rysunki do konsultacji i akceptacji<\/p><\/li><li data-start=\"907\" data-end=\"974\"><p data-start=\"909\" data-end=\"974\"><strong data-start=\"909\" data-end=\"916\">DXF<\/strong> \u2013 pliki gotowe do obr\u00f3bki CNC i wdro\u017cenia produkcyjnego<\/p><\/li><\/ul><p data-start=\"976\" data-end=\"1092\">Dokumentacja jest przygotowana tak, aby <strong data-start=\"1016\" data-end=\"1037\">dowolny wykonawca<\/strong> m\u00f3g\u0142 na jej podstawie bezpiecznie wyprodukowa\u0107 stojak.<\/p>\t\t\t\t\t\t\t\t<\/div>\n\t\t\t\t<\/div>\n\t\t<div class=\"elementor-element elementor-element-fa21e83 e-con-full e-flex e-con e-child\" data-id=\"fa21e83\" data-element_type=\"container\">\n\t\t\t\t<div class=\"elementor-element elementor-element-2c3540e elementor-widget elementor-widget-image\" data-id=\"2c3540e\" data-element_type=\"widget\" data-widget_type=\"image.default\">\n\t\t\t\t\t\t\t\t\t\t\t\t\t\t\t<img fetchpriority=\"high\" decoding=\"async\" width=\"962\" height=\"551\" src=\"https:\/\/www.plexi-king.com\/wp-content\/uploads\/2026\/01\/plexi-king-ikony-pdf-i-dxf.png\" class=\"attachment-large size-large wp-image-310\" alt=\"\" srcset=\"https:\/\/www.plexi-king.com\/wp-content\/uploads\/2026\/01\/plexi-king-ikony-pdf-i-dxf.png 962w, https:\/\/www.plexi-king.com\/wp-content\/uploads\/2026\/01\/plexi-king-ikony-pdf-i-dxf-300x172.png 300w, https:\/\/www.plexi-king.com\/wp-content\/uploads\/2026\/01\/plexi-king-ikony-pdf-i-dxf-768x440.png 768w\" sizes=\"(max-width: 962px) 100vw, 962px\" \/>\t\t\t\t\t\t\t\t\t\t\t\t\t\t\t<\/div>\n\t\t\t\t<\/div>\n\t\t\t\t\t<\/div>\n\t\t\t\t<\/div>\n\t\t<div class=\"elementor-element elementor-element-9da7f85 e-flex e-con-boxed e-con e-parent\" data-id=\"9da7f85\" data-element_type=\"container\" data-settings=\"{&quot;background_background&quot;:&quot;classic&quot;}\">\n\t\t\t\t\t<div class=\"e-con-inner\">\n\t\t<div class=\"elementor-element elementor-element-07a3bc7 e-con-full e-flex e-con e-child\" data-id=\"07a3bc7\" data-element_type=\"container\">\n\t\t\t\t<div class=\"elementor-element elementor-element-9f77556 elementor-widget elementor-widget-heading\" data-id=\"9f77556\" data-element_type=\"widget\" data-widget_type=\"heading.default\">\n\t\t\t\t\t<h2 class=\"elementor-heading-title elementor-size-default\">Zoptymalizowana specyfikacja materia\u0142owa<\/h2>\t\t\t\t<\/div>\n\t\t\t\t<div class=\"elementor-element elementor-element-5d50d38 elementor-widget elementor-widget-text-editor\" data-id=\"5d50d38\" data-element_type=\"widget\" data-widget_type=\"text-editor.default\">\n\t\t\t\t\t\t\t\t\t<p data-start=\"1144\" data-end=\"1258\">Do projektu do\u0142\u0105czamy <strong data-start=\"1166\" data-end=\"1206\">przemy\u015blan\u0105 specyfikacj\u0119 materia\u0142ow\u0105<\/strong>, dopasowan\u0105 do realnej produkcji.<br data-start=\"1240\" data-end=\"1243\" \/>Uwzgl\u0119dnia ona:<\/p><ul data-start=\"1259\" data-end=\"1372\"><li data-start=\"1259\" data-end=\"1285\"><p data-start=\"1261\" data-end=\"1285\">materia\u0142y\u00a0<\/p><\/li><li data-start=\"1286\" data-end=\"1308\"><p data-start=\"1288\" data-end=\"1308\">grubo\u015bci i formaty<\/p><\/li><li data-start=\"1309\" data-end=\"1372\"><p data-start=\"1311\" data-end=\"1372\">rozwi\u0105zania pozwalaj\u0105ce <strong data-start=\"1335\" data-end=\"1372\">obni\u017cy\u0107 koszty bez utraty jako\u015bci<\/strong><\/p><\/li><\/ul><p data-start=\"1374\" data-end=\"1441\">Dzi\u0119ki temu szybciej zbierzesz wyceny i unikniesz zb\u0119dnych koszt\u00f3w.<\/p>\t\t\t\t\t\t\t\t<\/div>\n\t\t\t\t<\/div>\n\t\t<div class=\"elementor-element elementor-element-6cd5289 e-con-full e-flex e-con e-child\" data-id=\"6cd5289\" data-element_type=\"container\">\n\t\t\t\t<div class=\"elementor-element elementor-element-5463110 elementor-widget elementor-widget-image\" data-id=\"5463110\" data-element_type=\"widget\" data-widget_type=\"image.default\">\n\t\t\t\t\t\t\t\t\t\t\t\t\t\t\t<img decoding=\"async\" width=\"1024\" height=\"559\" src=\"https:\/\/www.plexi-king.com\/wp-content\/uploads\/2026\/01\/optymalizacja-materialowa-1024x559.webp\" class=\"attachment-large size-large wp-image-322\" alt=\"\" srcset=\"https:\/\/www.plexi-king.com\/wp-content\/uploads\/2026\/01\/optymalizacja-materialowa-1024x559.webp 1024w, https:\/\/www.plexi-king.com\/wp-content\/uploads\/2026\/01\/optymalizacja-materialowa-300x164.webp 300w, https:\/\/www.plexi-king.com\/wp-content\/uploads\/2026\/01\/optymalizacja-materialowa-768x419.webp 768w, https:\/\/www.plexi-king.com\/wp-content\/uploads\/2026\/01\/optymalizacja-materialowa-1536x838.webp 1536w, https:\/\/www.plexi-king.com\/wp-content\/uploads\/2026\/01\/optymalizacja-materialowa-scaled.webp 1920w\" sizes=\"(max-width: 1024px) 100vw, 1024px\" \/>\t\t\t\t\t\t\t\t\t\t\t\t\t\t\t<\/div>\n\t\t\t\t<\/div>\n\t\t\t\t\t<\/div>\n\t\t\t\t<\/div>\n\t\t<div class=\"elementor-element elementor-element-3cfe40f e-flex e-con-boxed e-con e-parent\" data-id=\"3cfe40f\" data-element_type=\"container\">\n\t\t\t\t\t<div class=\"e-con-inner\">\n\t\t<div class=\"elementor-element elementor-element-f9c3cdf e-con-full e-flex e-con e-child\" data-id=\"f9c3cdf\" data-element_type=\"container\">\n\t\t\t\t<div class=\"elementor-element elementor-element-418d084 elementor-widget elementor-widget-heading\" data-id=\"418d084\" data-element_type=\"widget\" data-widget_type=\"heading.default\">\n\t\t\t\t\t<h2 class=\"elementor-heading-title elementor-size-default\">Efekt ko\u0144cowy<\/h2>\t\t\t\t<\/div>\n\t\t\t\t<div class=\"elementor-element elementor-element-4b32526 elementor-widget elementor-widget-text-editor\" data-id=\"4b32526\" data-element_type=\"widget\" data-widget_type=\"text-editor.default\">\n\t\t\t\t\t\t\t\t\t<p data-start=\"1466\" data-end=\"1543\">W praktyce otrzymujesz <strong data-start=\"1489\" data-end=\"1535\">kompletny, produkcyjny projekt stojaka POS<\/strong>, kt\u00f3ry:<\/p><ul data-start=\"1544\" data-end=\"1680\"><li data-start=\"1544\" data-end=\"1587\"><p data-start=\"1546\" data-end=\"1587\">nie uzale\u017cnia Ci\u0119 od jednego producenta<\/p><\/li><li data-start=\"1588\" data-end=\"1614\"><p data-start=\"1590\" data-end=\"1614\">skraca czas realizacji<\/p><\/li><li data-start=\"1615\" data-end=\"1643\"><p data-start=\"1617\" data-end=\"1643\">u\u0142atwia por\u00f3wnanie ofert<\/p><\/li><li data-start=\"1644\" data-end=\"1680\"><p data-start=\"1646\" data-end=\"1680\">daje pe\u0142n\u0105 kontrol\u0119 nad bud\u017cetem<\/p><\/li><\/ul>\t\t\t\t\t\t\t\t<\/div>\n\t\t\t\t<div class=\"elementor-element elementor-element-abb113e elementor-align-center elementor-widget elementor-widget-button\" data-id=\"abb113e\" data-element_type=\"widget\" data-widget_type=\"button.default\">\n\t\t\t\t\t\t\t\t\t\t<a class=\"elementor-button elementor-button-link elementor-size-sm\" href=\"https:\/\/www.plexi-king.com\/#kontakt\">\n\t\t\t\t\t\t<span class=\"elementor-button-content-wrapper\">\n\t\t\t\t\t\t\t\t\t<span class=\"elementor-button-text\">Uniezale\u017cnij si\u0119 od jednego dostawcy ju\u017c dzi\u015b<\/span>\n\t\t\t\t\t<\/span>\n\t\t\t\t\t<\/a>\n\t\t\t\t\t\t\t\t<\/div>\n\t\t\t\t<\/div>\n\t\t\t\t\t<\/div>\n\t\t\t\t<\/div>\n\t\t\t\t<\/div>\n\t\t","protected":false},"excerpt":{"rendered":"<p>Co otrzymujesz? Ka\u017cdy projekt stojaka POS to nie tylko koncepcja wizualna, ale kompletny pakiet materia\u0142\u00f3w, kt\u00f3ry umo\u017cliwia szybk\u0105 wycen\u0119, sprawn\u0105 [&hellip;]<\/p>\n","protected":false},"author":1,"featured_media":0,"parent":0,"menu_order":0,"comment_status":"closed","ping_status":"closed","template":"","meta":{"site-sidebar-layout":"no-sidebar","site-content-layout":"","ast-site-content-layout":"full-width-container","site-content-style":"default","site-sidebar-style":"default","ast-global-header-display":"","ast-banner-title-visibility":"","ast-main-header-display":"","ast-hfb-above-header-display":"","ast-hfb-below-header-display":"","ast-hfb-mobile-header-display":"","site-post-title":"","ast-breadcrumbs-content":"","ast-featured-img":"disabled","footer-sml-layout":"","ast-disable-related-posts":"","theme-transparent-header-meta":"","adv-header-id-meta":"","stick-header-meta":"","header-above-stick-meta":"","header-main-stick-meta":"","header-below-stick-meta":"","astra-migrate-meta-layouts":"default","ast-page-background-enabled":"default","ast-page-background-meta":{"desktop":{"background-color":"var(--ast-global-color-5)","background-image":"","background-repeat":"repeat","background-position":"center center","background-size":"auto","background-attachment":"scroll","background-type":"","background-media":"","overlay-type":"","overlay-color":"","overlay-opacity":"","overlay-gradient":""},"tablet":{"background-color":"","background-image":"","background-repeat":"repeat","background-position":"center center","background-size":"auto","background-attachment":"scroll","background-type":"","background-media":"","overlay-type":"","overlay-color":"","overlay-opacity":"","overlay-gradient":""},"mobile":{"background-color":"","background-image":"","background-repeat":"repeat","background-position":"center center","background-size":"auto","background-attachment":"scroll","background-type":"","background-media":"","overlay-type":"","overlay-color":"","overlay-opacity":"","overlay-gradient":""}},"ast-content-background-meta":{"desktop":{"background-color":"var(--ast-global-color-4)","background-image":"","background-repeat":"repeat","background-position":"center center","background-size":"auto","background-attachment":"scroll","background-type":"","background-media":"","overlay-type":"","overlay-color":"","overlay-opacity":"","overlay-gradient":""},"tablet":{"background-color":"var(--ast-global-color-4)","background-image":"","background-repeat":"repeat","background-position":"center center","background-size":"auto","background-attachment":"scroll","background-type":"","background-media":"","overlay-type":"","overlay-color":"","overlay-opacity":"","overlay-gradient":""},"mobile":{"background-color":"var(--ast-global-color-4)","background-image":"","background-repeat":"repeat","background-position":"center center","background-size":"auto","background-attachment":"scroll","background-type":"","background-media":"","overlay-type":"","overlay-color":"","overlay-opacity":"","overlay-gradient":""}},"footnotes":""},"class_list":["post-257","page","type-page","status-publish","hentry"],"_links":{"self":[{"href":"https:\/\/www.plexi-king.com\/index.php\/wp-json\/wp\/v2\/pages\/257","targetHints":{"allow":["GET"]}}],"collection":[{"href":"https:\/\/www.plexi-king.com\/index.php\/wp-json\/wp\/v2\/pages"}],"about":[{"href":"https:\/\/www.plexi-king.com\/index.php\/wp-json\/wp\/v2\/types\/page"}],"author":[{"embeddable":true,"href":"https:\/\/www.plexi-king.com\/index.php\/wp-json\/wp\/v2\/users\/1"}],"replies":[{"embeddable":true,"href":"https:\/\/www.plexi-king.com\/index.php\/wp-json\/wp\/v2\/comments?post=257"}],"version-history":[{"count":17,"href":"https:\/\/www.plexi-king.com\/index.php\/wp-json\/wp\/v2\/pages\/257\/revisions"}],"predecessor-version":[{"id":325,"href":"https:\/\/www.plexi-king.com\/index.php\/wp-json\/wp\/v2\/pages\/257\/revisions\/325"}],"wp:attachment":[{"href":"https:\/\/www.plexi-king.com\/index.php\/wp-json\/wp\/v2\/media?parent=257"}],"curies":[{"name":"wp","href":"https:\/\/api.w.org\/{rel}","templated":true}]}}